{"id":89,"date":"2016-09-30T13:12:20","date_gmt":"2016-09-30T11:12:20","guid":{"rendered":"http:\/\/sp3pabianice.pl\/info\/?page_id=89"},"modified":"2016-09-30T13:12:39","modified_gmt":"2016-09-30T11:12:39","slug":"89-2","status":"publish","type":"page","link":"https:\/\/old.sp3pabianice.pl\/info\/index.php\/89-2\/","title":{"rendered":"Rozszerzenia plik\u00f3w &#8211; gra"},"content":{"rendered":"<p><strong>W\u0142\u0105cz tryb pe\u0142noekranowy &#8211; przycisk w prawym g\u00f3rnym rogu planszy.<\/strong><\/p>\n<p>&nbsp;<\/p>\n<p><iframe src=\"http:\/\/LearningApps.org\/watch?app=432243\" style=\"border: 0px; width: 100%; height: 500px;\" webkitallowfullscreen=\"true\" mozallowfullscreen=\"true\"><\/iframe><\/p>\n<p>&nbsp;<\/p>\n","protected":false},"excerpt":{"rendered":"W\u0142\u0105cz tryb pe\u0142noekranowy &#8211; przycisk w prawym g\u00f3rnym rogu planszy. &nbsp; &nbsp;\n<a class=\"moretag\" href=\"https:\/\/old.sp3pabianice.pl\/info\/index.php\/89-2\/\"> [...]<\/a>","protected":false},"author":1,"featured_media":0,"parent":0,"menu_order":0,"comment_status":"closed","ping_status":"closed","template":"","meta":{"ngg_post_thumbnail":0,"footnotes":""},"class_list":["post-89","page","type-page","status-publish","hentry"],"_links":{"self":[{"href":"https:\/\/old.sp3pabianice.pl\/info\/index.php\/wp-json\/wp\/v2\/pages\/89","targetHints":{"allow":["GET"]}}],"collection":[{"href":"https:\/\/old.sp3pabianice.pl\/info\/index.php\/wp-json\/wp\/v2\/pages"}],"about":[{"href":"https:\/\/old.sp3pabianice.pl\/info\/index.php\/wp-json\/wp\/v2\/types\/page"}],"author":[{"embeddable":true,"href":"https:\/\/old.sp3pabianice.pl\/info\/index.php\/wp-json\/wp\/v2\/users\/1"}],"replies":[{"embeddable":true,"href":"https:\/\/old.sp3pabianice.pl\/info\/index.php\/wp-json\/wp\/v2\/comments?post=89"}],"version-history":[{"count":2,"href":"https:\/\/old.sp3pabianice.pl\/info\/index.php\/wp-json\/wp\/v2\/pages\/89\/revisions"}],"predecessor-version":[{"id":91,"href":"https:\/\/old.sp3pabianice.pl\/info\/index.php\/wp-json\/wp\/v2\/pages\/89\/revisions\/91"}],"wp:attachment":[{"href":"https:\/\/old.sp3pabianice.pl\/info\/index.php\/wp-json\/wp\/v2\/media?parent=89"}],"curies":[{"name":"wp","href":"https:\/\/api.w.org\/{rel}","templated":true}]}}