{"id":19,"date":"2016-09-25T19:59:41","date_gmt":"2016-09-25T17:59:41","guid":{"rendered":"http:\/\/sp3pabianice.pl\/info\/?page_id=19"},"modified":"2016-09-30T12:44:06","modified_gmt":"2016-09-30T10:44:06","slug":"rysowanie-z-kodem-2015","status":"publish","type":"page","link":"https:\/\/old.sp3pabianice.pl\/info\/index.php\/rysowanie-z-kodem-2015\/","title":{"rendered":"Rysowanie z Kodem 2015"},"content":{"rendered":"<p>W ubieg\u0142ym tygodniu sz\u00f3stoklasi\u015bci z SP3 pod kierunkiem p. Renaty Nowak rozpocz\u0119li sw\u0105 \u017cyciow\u0105 przygod\u0119 z programowaniem.<\/p>\n<p>Uczniowie zarejestrowali si\u0119 w Khan Academy i rozpocz\u0119li nauk\u0119 kodowania w JavaScript. Udowodnili tym samym, \u017ce &#8221;<\/p>\n<p>j\u0119zyki programistyczne nie s\u0105 ju\u017c domen\u0105 informatyk\u00f3w, a narz\u0119dziem, kt\u00f3re pozwala uczniom rozwija\u0107 my\u015blenie kreatywne, doskonali\u0107 umiej\u0119tno\u015bci analityczne, nad\u0105\u017ca\u0107 za post\u0119pem techniki i z owoc\u00f3w tego post\u0119pu \u015bwiadomie korzysta\u0107. Programowanie sta\u0142o si\u0119 \u2013 obok j\u0119zyka ojczystego i\u00a0jednego j\u0119zyka obcego \u2013 trzecim j\u0119zykiem, kt\u00f3ry ka\u017cdy cz\u0142owiek powinien zna\u0107 cho\u0107 na podstawowym poziomie, by rozumie\u0107 otaczaj\u0105cy go \u015bwiat i zachodz\u0105ce w nim zmiany.<\/p>\n<p>Lista korzy\u015bci, jakie daje nauka programowania jest d\u0142uga. Pozwala to lepiej zrozumie\u0107 i wykorzysta\u0107 nowoczesne rozwi\u0105zania techniczne. Sprawia przez to, \u017ce ucze\u0144 nie jest biernym odbiorc\u0105 szeroko rozumianej technologii informacyjno-komunikacyjnej, ale potrafi ze zrozumieniem realizowa\u0107 z jej u\u017cyciem w\u0142asne projekty i wykorzystywa\u0107 dla w\u0142asnych potrzeb.&#8221;*<\/p>\n<p>&nbsp;<\/p>\n<p>Oto niekt\u00f3re z prac uczni\u00f3w. Rysunki, kt\u00f3re mo\u017cemy ogl\u0105da\u0107, to efekt odpowiedniego kodu w JavaScript wpisanego przez ucznia (lewa strona zdj\u0119cia).<\/p>\n<p>Tematy projekt\u00f3w by\u0142y nastepuj\u0105ce: &#8222;Super ba\u0142wan&#8221;, &#8222;Dzikie zwierz\u0119, &#8222;Autoportret&#8221;.<\/p>\n<p>&nbsp;<\/p>\n<p><img loading=\"lazy\" decoding=\"async\" class=\"aligncenter\" src=\"http:\/\/sp3pabianice.pl\/images\/20151211_120345.jpg\" alt=\"20151211 120345\" width=\"500\" height=\"375\" \/><\/p>\n<p>&nbsp;<\/p>\n<p><img loading=\"lazy\" decoding=\"async\" class=\"aligncenter\" src=\"http:\/\/sp3pabianice.pl\/images\/20151211_120546.jpg\" alt=\"20151211 120546\" width=\"500\" height=\"375\" \/><\/p>\n<p>&nbsp;<\/p>\n<p><img loading=\"lazy\" decoding=\"async\" src=\"http:\/\/sp3pabianice.pl\/images\/20151214_081843.jpg\" alt=\"20151214 081843\" width=\"500\" height=\"375\" \/><\/p>\n<p>&nbsp;<\/p>\n<p><img loading=\"lazy\" decoding=\"async\" class=\"aligncenter\" src=\"http:\/\/sp3pabianice.pl\/images\/20151214_110034.jpg\" alt=\"20151214 110034\" width=\"499\" height=\"374\" \/><\/p>\n<p>&nbsp;<\/p>\n<p><img loading=\"lazy\" decoding=\"async\" class=\"aligncenter\" src=\"http:\/\/sp3pabianice.pl\/images\/20151214_110058.jpg\" alt=\"20151214 110058\" width=\"500\" height=\"375\" \/><\/p>\n<p>&nbsp;<\/p>\n<p><img loading=\"lazy\" decoding=\"async\" class=\"aligncenter\" src=\"http:\/\/sp3pabianice.pl\/images\/20151215_082409.jpg\" alt=\"20151215 082409\" width=\"498\" height=\"373\" \/><\/p>\n<p>&nbsp;<\/p>\n<p><img loading=\"lazy\" decoding=\"async\" class=\"aligncenter\" src=\"http:\/\/sp3pabianice.pl\/images\/20151215_082436.jpg\" alt=\"20151215 082436\" width=\"490\" height=\"367\" \/><\/p>\n<p>&nbsp;<\/p>\n<p><img loading=\"lazy\" decoding=\"async\" class=\"aligncenter\" src=\"http:\/\/sp3pabianice.pl\/images\/20151215_082533.jpg\" alt=\"20151215 082533\" width=\"500\" height=\"375\" \/><\/p>\n<p>&nbsp;<\/p>\n<p><img loading=\"lazy\" decoding=\"async\" class=\"aligncenter\" src=\"http:\/\/sp3pabianice.pl\/images\/20151215_082646.jpg\" alt=\"20151215 082646\" width=\"500\" height=\"375\" \/><\/p>\n<p>&nbsp;<\/p>\n<p><img loading=\"lazy\" decoding=\"async\" class=\"aligncenter\" src=\"http:\/\/sp3pabianice.pl\/images\/20151215_100116.jpg\" alt=\"20151215 100116\" width=\"497\" height=\"372\" \/><\/p>\n<p>&nbsp;<\/p>\n<p>&nbsp;<\/p>\n<p>W galerii mo\u017cna obejrze\u0107 <a title=\"album z projektami uczniow\" href=\"http:\/\/fmix.pl\/slideshow\/8387\/124823\/godzina-kodowania.html?privgal=f62178f0899d1b9fddf9c0cf854ec14d\" target=\"_blank\">wi\u0119cej prac uczni\u00f3w<\/a><\/p>\n","protected":false},"excerpt":{"rendered":"W ubieg\u0142ym tygodniu sz\u00f3stoklasi\u015bci z SP3 pod kierunkiem p. Renaty Nowak rozpocz\u0119li sw\u0105 \u017cyciow\u0105 przygod\u0119 z programowaniem. Uczniowie zarejestrowali si\u0119 w Khan Academy \n<a class=\"moretag\" href=\"https:\/\/old.sp3pabianice.pl\/info\/index.php\/rysowanie-z-kodem-2015\/\"> [...]<\/a>","protected":false},"author":1,"featured_media":0,"parent":0,"menu_order":0,"comment_status":"closed","ping_status":"closed","template":"","meta":{"ngg_post_thumbnail":0,"footnotes":""},"class_list":["post-19","page","type-page","status-publish","hentry"],"_links":{"self":[{"href":"https:\/\/old.sp3pabianice.pl\/info\/index.php\/wp-json\/wp\/v2\/pages\/19","targetHints":{"allow":["GET"]}}],"collection":[{"href":"https:\/\/old.sp3pabianice.pl\/info\/index.php\/wp-json\/wp\/v2\/pages"}],"about":[{"href":"https:\/\/old.sp3pabianice.pl\/info\/index.php\/wp-json\/wp\/v2\/types\/page"}],"author":[{"embeddable":true,"href":"https:\/\/old.sp3pabianice.pl\/info\/index.php\/wp-json\/wp\/v2\/users\/1"}],"replies":[{"embeddable":true,"href":"https:\/\/old.sp3pabianice.pl\/info\/index.php\/wp-json\/wp\/v2\/comments?post=19"}],"version-history":[{"count":2,"href":"https:\/\/old.sp3pabianice.pl\/info\/index.php\/wp-json\/wp\/v2\/pages\/19\/revisions"}],"predecessor-version":[{"id":86,"href":"https:\/\/old.sp3pabianice.pl\/info\/index.php\/wp-json\/wp\/v2\/pages\/19\/revisions\/86"}],"wp:attachment":[{"href":"https:\/\/old.sp3pabianice.pl\/info\/index.php\/wp-json\/wp\/v2\/media?parent=19"}],"curies":[{"name":"wp","href":"https:\/\/api.w.org\/{rel}","templated":true}]}}