{"id":172,"date":"2016-10-12T16:51:26","date_gmt":"2016-10-12T14:51:26","guid":{"rendered":"http:\/\/sp3pabianice.pl\/info\/?page_id=172"},"modified":"2016-10-12T16:51:26","modified_gmt":"2016-10-12T14:51:26","slug":"code-week-2016","status":"publish","type":"page","link":"https:\/\/old.sp3pabianice.pl\/info\/index.php\/code-week-2016\/","title":{"rendered":"Code Week 2016"},"content":{"rendered":"<p><img loading=\"lazy\" decoding=\"async\" class=\"alignnone\" src=\"http:\/\/sp3pabianice.pl\/images\/mapa_copy.jpg\" alt=\"mapa copy\" width=\"672\" height=\"344\" \/><\/p>\n<p>Wyra\u017anie wyr\u00f3\u017cniamy si\u0119 w terenie! Mapa, na kt\u00f3rej widoczne s\u0105 inicjatywy zg\u0142oszone, przez panie Renat\u0119 Nowak i Agnieszke Herszel-Po\u015bcik, w ramach obchod\u00f3w Tygodnia Kodowania.<\/p>\n<p>Czy jeszcze kt\u00f3ra\u015b z pabianickich szk\u00f3\u0142 w\u0142\u0105czy si\u0119 do tej, niemal og\u00f3lno\u015bwiatowej, akcji?<\/p>\n<p><img decoding=\"async\" class=\"spotlight aligncenter\" src=\"https:\/\/scontent-vie1-1.xx.fbcdn.net\/v\/t1.0-9\/14502755_605836132921730_4434583458812149948_n.png?oh=4b09ab0aa1ff175d8714384413f8afeb&amp;oe=58A6A0DC\" alt=\"\" \/><\/p>\n<div class=\"highlight-1\">\n<h2 style=\"text-align: center;\"><abbr><span style=\"color: #0000ff;\"><strong>Programowanie nie dzieli!<\/strong><\/span><\/abbr><\/h2>\n<\/div>\n<p>Pod takim has\u0142em b\u0119d\u0105 odbywa\u0142y si\u0119 tegoroczne obchody Tygodnia Kodowania.<\/p>\n","protected":false},"excerpt":{"rendered":"Wyra\u017anie wyr\u00f3\u017cniamy si\u0119 w terenie! Mapa, na kt\u00f3rej widoczne s\u0105 inicjatywy zg\u0142oszone, przez panie Renat\u0119 Nowak i Agnieszke Herszel-Po\u015bcik, w ramach obchod\u00f3w Tygodnia \n<a class=\"moretag\" href=\"https:\/\/old.sp3pabianice.pl\/info\/index.php\/code-week-2016\/\"> [...]<\/a>","protected":false},"author":1,"featured_media":133,"parent":0,"menu_order":0,"comment_status":"closed","ping_status":"closed","template":"","meta":{"ngg_post_thumbnail":0,"footnotes":""},"class_list":["post-172","page","type-page","status-publish","has-post-thumbnail","hentry"],"_links":{"self":[{"href":"https:\/\/old.sp3pabianice.pl\/info\/index.php\/wp-json\/wp\/v2\/pages\/172","targetHints":{"allow":["GET"]}}],"collection":[{"href":"https:\/\/old.sp3pabianice.pl\/info\/index.php\/wp-json\/wp\/v2\/pages"}],"about":[{"href":"https:\/\/old.sp3pabianice.pl\/info\/index.php\/wp-json\/wp\/v2\/types\/page"}],"author":[{"embeddable":true,"href":"https:\/\/old.sp3pabianice.pl\/info\/index.php\/wp-json\/wp\/v2\/users\/1"}],"replies":[{"embeddable":true,"href":"https:\/\/old.sp3pabianice.pl\/info\/index.php\/wp-json\/wp\/v2\/comments?post=172"}],"version-history":[{"count":1,"href":"https:\/\/old.sp3pabianice.pl\/info\/index.php\/wp-json\/wp\/v2\/pages\/172\/revisions"}],"predecessor-version":[{"id":173,"href":"https:\/\/old.sp3pabianice.pl\/info\/index.php\/wp-json\/wp\/v2\/pages\/172\/revisions\/173"}],"wp:featuredmedia":[{"embeddable":true,"href":"https:\/\/old.sp3pabianice.pl\/info\/index.php\/wp-json\/wp\/v2\/media\/133"}],"wp:attachment":[{"href":"https:\/\/old.sp3pabianice.pl\/info\/index.php\/wp-json\/wp\/v2\/media?parent=172"}],"curies":[{"name":"wp","href":"https:\/\/api.w.org\/{rel}","templated":true}]}}